{"id":138,"date":"2024-04-14T20:02:04","date_gmt":"2024-04-14T19:02:04","guid":{"rendered":"https:\/\/samarucgames.com\/?page_id=138"},"modified":"2024-10-10T14:36:54","modified_gmt":"2024-10-10T13:36:54","slug":"kraftwagen","status":"publish","type":"page","link":"https:\/\/samarucgames.com\/en\/catalogo\/kraftwagen","title":{"rendered":"Kraftwagen:AoE"},"content":{"rendered":"<div class=\"wp-block-group alignfull has-global-padding is-layout-constrained wp-block-group-is-layout-constrained\">\n<div class=\"wp-block-group alignwide is-layout-flow wp-block-group-is-layout-flow\">\n<div class=\"wp-block-columns is-layout-flex wp-container-core-columns-is-layout-28f84493 wp-block-columns-is-layout-flex\">\n<div class=\"wp-block-column is-layout-flow wp-block-column-is-layout-flow\" style=\"flex-basis:100%\">\n<p class=\"has-text-align-center has-heading-font-family has-large-font-size\" style=\"font-style:normal;font-weight:400;line-height:1.2\">Take part in the birth and development of the automotive industry in the United States at the beginning of the 20th century in this exciting game of car manufacturing and sales.<\/p>\n<\/div>\n<\/div>\n\n\n\n<div class=\"wp-block-columns is-layout-flex wp-container-core-columns-is-layout-28f84493 wp-block-columns-is-layout-flex\">\n<div class=\"wp-block-column is-layout-flow wp-block-column-is-layout-flow\" style=\"flex-basis:100%\">\n<div class=\"wp-block-group is-vertical is-content-justification-center is-layout-flex wp-container-core-group-is-layout-7a7dcd93 wp-block-group-is-layout-flex\" style=\"margin-top:0;margin-bottom:0;padding-top:0;padding-right:0;padding-bottom:0;padding-left:0\">\n<div class=\"wp-block-media-text has-media-on-the-right is-stacked-on-mobile\" style=\"margin-top:var(--wp--preset--spacing--20);margin-right:var(--wp--preset--spacing--40);margin-bottom:var(--wp--preset--spacing--20);margin-left:var(--wp--preset--spacing--40);grid-template-columns:auto 29%\"><div class=\"wp-block-media-text__content\">\n<div class=\"wp-block-group is-nowrap is-layout-flex wp-container-core-group-is-layout-cd9ab148 wp-block-group-is-layout-flex\">\n<p class=\"has-text-align-center has-medium-font-size\">From Matthias Cramer comes a new version of Kraftwagen, the game of action selection, car manufacturing, and sales in the burgeoning automotive market of the early 20th century. Plan your turns to make the most of the available actions, recruit famous engineers and investors of the era to improve your designs and boost your sales, participate in the first Grand Prix races in history, and find your place in the industry's history.<\/p>\n<\/div>\n<\/div><figure class=\"wp-block-media-text__media\"><img decoding=\"async\" src=\"https:\/\/samarucgames.com\/wp-content\/uploads\/2024\/06\/kraftwagen.png\" alt=\"\" class=\"wp-image-402 size-full\"\/><\/figure><\/div>\n\n\n\n<div class=\"wp-block-buttons is-content-justification-center is-layout-flex wp-container-core-buttons-is-layout-72caf8c6 wp-block-buttons-is-layout-flex\">\n<div class=\"wp-block-button has-custom-font-size is-style-fill has-large-font-size\"><a class=\"wp-block-button__link has-contrast-b-background-color has-background wp-element-button\" href=\"https:\/\/samarucgames.com\/en\/tienda\/\"><img loading=\"lazy\" decoding=\"async\" width=\"25\" height=\"25\" class=\"wp-image-471\" style=\"width: 25px;\" src=\"https:\/\/samarucgames.com\/wp-content\/uploads\/2024\/06\/chart-1.png\" alt=\"\"> Available<\/a><\/div>\n<\/div>\n<\/div>\n<\/div>\n<\/div>\n<\/div>\n<\/div>\n\n\n\n<div class=\"wp-block-group alignfull has-global-padding is-layout-constrained wp-container-core-group-is-layout-cd6163fc wp-block-group-is-layout-constrained\" style=\"margin-top:0;margin-bottom:0;padding-top:var(--wp--preset--spacing--10);padding-right:var(--wp--preset--spacing--50);padding-bottom:var(--wp--preset--spacing--10);padding-left:var(--wp--preset--spacing--50)\">\n<div class=\"wp-block-group alignfull has-global-padding is-layout-constrained wp-container-core-group-is-layout-cd6163fc wp-block-group-is-layout-constrained\" style=\"margin-top:0;margin-bottom:0;padding-top:var(--wp--preset--spacing--10);padding-right:var(--wp--preset--spacing--50);padding-bottom:var(--wp--preset--spacing--10);padding-left:var(--wp--preset--spacing--50)\">\n<div class=\"wp-block-group is-vertical is-content-justification-center is-layout-flex wp-container-core-group-is-layout-ce155fab wp-block-group-is-layout-flex\">\n<h2 class=\"wp-block-heading has-text-align-center has-xx-large-font-size\">About the game<\/h2>\n<\/div>\n\n\n\n<div class=\"wp-block-columns alignwide is-layout-flex wp-container-core-columns-is-layout-4935966c wp-block-columns-is-layout-flex\" style=\"padding-right:0;padding-left:0\">\n<div class=\"wp-block-column is-layout-flow wp-block-column-is-layout-flow\">\n<figure class=\"wp-block-kadence-image kb-image138_384dc9-6b size-large is-style-rounded\"><img loading=\"lazy\" decoding=\"async\" width=\"1024\" height=\"423\" src=\"https:\/\/samarucgames.com\/wp-content\/uploads\/2024\/07\/leyenda-jugadores1-1024x423.png\" alt=\"\" class=\"kb-img wp-image-514\" srcset=\"https:\/\/samarucgames.com\/wp-content\/uploads\/2024\/07\/leyenda-jugadores1-1024x423.png 1024w, https:\/\/samarucgames.com\/wp-content\/uploads\/2024\/07\/leyenda-jugadores1-300x124.png 300w, https:\/\/samarucgames.com\/wp-content\/uploads\/2024\/07\/leyenda-jugadores1-768x317.png 768w, https:\/\/samarucgames.com\/wp-content\/uploads\/2024\/07\/leyenda-jugadores1-1536x634.png 1536w, https:\/\/samarucgames.com\/wp-content\/uploads\/2024\/07\/leyenda-jugadores1-2048x845.png 2048w, https:\/\/samarucgames.com\/wp-content\/uploads\/2024\/07\/leyenda-jugadores1-18x7.png 18w, https:\/\/samarucgames.com\/wp-content\/uploads\/2024\/07\/leyenda-jugadores1-600x248.png 600w\" sizes=\"auto, (max-width: 1024px) 100vw, 1024px\" \/><\/figure>\n<\/div>\n\n\n\n<div class=\"wp-block-column is-layout-flow wp-block-column-is-layout-flow\">\n<div class=\"wp-block-group is-vertical is-content-justification-center is-nowrap is-layout-flex wp-container-core-group-is-layout-63bfd6c1 wp-block-group-is-layout-flex\">\n<p><strong>Author:<\/strong> Matthias Cramer<\/p>\n\n\n\n<p><strong>Players:<\/strong> 2-4<\/p>\n\n\n\n<p><strong>Playing time:<\/strong> 75 &#8211; 90 minutos<\/p>\n\n\n\n<p><strong>Age:<\/strong> above 13 years<\/p>\n\n\n\n<p><strong>PVPr:<\/strong> 55 euros<\/p>\n\n\n\n<p><\/p>\n<\/div>\n<\/div>\n\n\n\n<div class=\"wp-block-column is-layout-flow wp-block-column-is-layout-flow\">\n<div class=\"wp-block-group is-vertical is-content-justification-center is-nowrap is-layout-flex wp-container-core-group-is-layout-21d4e958 wp-block-group-is-layout-flex\">\n<p><a href=\"https:\/\/boardgamegeek.com\/boardgame\/391124\/kraftwagen-age-of-engineering\" target=\"_blank\" rel=\"noreferrer noopener\">BGG link<\/a><\/p>\n\n\n\n<p><\/p>\n<\/div>\n<\/div>\n<\/div>\n<\/div>\n<\/div>\n\n\n\n<figure class=\"wp-block-gallery alignwide has-nested-images columns-6 is-cropped wp-block-gallery-7 is-layout-flex wp-block-gallery-is-layout-flex\">\n<figure data-wp-context=\"{&quot;imageId&quot;:&quot;69dbeef345a11&quot;}\" data-wp-interactive=\"core\/image\" data-wp-key=\"69dbeef345a11\" class=\"wp-block-image size-medium has-custom-border is-style-rounded is-style-rounded--1 wp-lightbox-container\"><img loading=\"lazy\" decoding=\"async\" width=\"300\" height=\"226\" data-wp-class--hide=\"state.isContentHidden\" data-wp-class--show=\"state.isContentVisible\" data-wp-init=\"callbacks.setButtonStyles\" data-wp-on--click=\"actions.showLightbox\" data-wp-on--load=\"callbacks.setButtonStyles\" data-wp-on-window--resize=\"callbacks.setButtonStyles\" data-id=\"443\" src=\"https:\/\/samarucgames.com\/wp-content\/uploads\/2024\/06\/Imagen-de-WhatsApp-2024-06-28-a-las-16.57.38_1b45a158-300x226.jpg\" alt=\"\" class=\"has-border-color has-bg-b-border-color wp-image-443\" style=\"border-width:3px\" srcset=\"https:\/\/samarucgames.com\/wp-content\/uploads\/2024\/06\/Imagen-de-WhatsApp-2024-06-28-a-las-16.57.38_1b45a158-300x226.jpg 300w, https:\/\/samarucgames.com\/wp-content\/uploads\/2024\/06\/Imagen-de-WhatsApp-2024-06-28-a-las-16.57.38_1b45a158-1024x770.jpg 1024w, https:\/\/samarucgames.com\/wp-content\/uploads\/2024\/06\/Imagen-de-WhatsApp-2024-06-28-a-las-16.57.38_1b45a158-768x578.jpg 768w, https:\/\/samarucgames.com\/wp-content\/uploads\/2024\/06\/Imagen-de-WhatsApp-2024-06-28-a-las-16.57.38_1b45a158-1536x1155.jpg 1536w, https:\/\/samarucgames.com\/wp-content\/uploads\/2024\/06\/Imagen-de-WhatsApp-2024-06-28-a-las-16.57.38_1b45a158-600x451.jpg 600w, https:\/\/samarucgames.com\/wp-content\/uploads\/2024\/06\/Imagen-de-WhatsApp-2024-06-28-a-las-16.57.38_1b45a158.jpg 1843w\" sizes=\"auto, (max-width: 300px) 100vw, 300px\" \/><button\n\t\t\tclass=\"lightbox-trigger\"\n\t\t\ttype=\"button\"\n\t\t\taria-haspopup=\"dialog\"\n\t\t\taria-label=\"Enlarge\"\n\t\t\tdata-wp-init=\"callbacks.initTriggerButton\"\n\t\t\tdata-wp-on--click=\"actions.showLightbox\"\n\t\t\tdata-wp-style--right=\"state.imageButtonRight\"\n\t\t\tdata-wp-style--top=\"state.imageButtonTop\"\n\t\t>\n\t\t\t<svg xmlns=\"http:\/\/www.w3.org\/2000\/svg\" width=\"12\" height=\"12\" fill=\"none\" viewbox=\"0 0 12 12\">\n\t\t\t\t<path fill=\"#fff\" d=\"M2 0a2 2 0 0 0-2 2v2h1.5V2a.5.5 0 0 1 .5-.5h2V0H2Zm2 10.5H2a.5.5 0 0 1-.5-.5V8H0v2a2 2 0 0 0 2 2h2v-1.5ZM8 12v-1.5h2a.5.5 0 0 0 .5-.5V8H12v2a2 2 0 0 1-2 2H8Zm2-12a2 2 0 0 1 2 2v2h-1.5V2a.5.5 0 0 0-.5-.5H8V0h2Z\" \/>\n\t\t\t<\/svg>\n\t\t<\/button><\/figure>\n\n\n\n<figure data-wp-context=\"{&quot;imageId&quot;:&quot;69dbeef34669a&quot;}\" data-wp-interactive=\"core\/image\" data-wp-key=\"69dbeef34669a\" class=\"wp-block-image size-medium has-custom-border is-style-rounded is-style-rounded--2 wp-lightbox-container\"><img loading=\"lazy\" decoding=\"async\" width=\"281\" height=\"300\" data-wp-class--hide=\"state.isContentHidden\" data-wp-class--show=\"state.isContentVisible\" data-wp-init=\"callbacks.setButtonStyles\" data-wp-on--click=\"actions.showLightbox\" data-wp-on--load=\"callbacks.setButtonStyles\" data-wp-on-window--resize=\"callbacks.setButtonStyles\" data-id=\"445\" src=\"https:\/\/samarucgames.com\/wp-content\/uploads\/2024\/06\/Imagen-de-WhatsApp-2024-06-28-a-las-16.57.41_d89fd2fd-281x300.jpg\" alt=\"\" class=\"has-border-color has-bg-b-border-color wp-image-445\" style=\"border-width:3px\" srcset=\"https:\/\/samarucgames.com\/wp-content\/uploads\/2024\/06\/Imagen-de-WhatsApp-2024-06-28-a-las-16.57.41_d89fd2fd-281x300.jpg 281w, https:\/\/samarucgames.com\/wp-content\/uploads\/2024\/06\/Imagen-de-WhatsApp-2024-06-28-a-las-16.57.41_d89fd2fd-958x1024.jpg 958w, https:\/\/samarucgames.com\/wp-content\/uploads\/2024\/06\/Imagen-de-WhatsApp-2024-06-28-a-las-16.57.41_d89fd2fd-768x821.jpg 768w, https:\/\/samarucgames.com\/wp-content\/uploads\/2024\/06\/Imagen-de-WhatsApp-2024-06-28-a-las-16.57.41_d89fd2fd-1437x1536.jpg 1437w, https:\/\/samarucgames.com\/wp-content\/uploads\/2024\/06\/Imagen-de-WhatsApp-2024-06-28-a-las-16.57.41_d89fd2fd-600x641.jpg 600w, https:\/\/samarucgames.com\/wp-content\/uploads\/2024\/06\/Imagen-de-WhatsApp-2024-06-28-a-las-16.57.41_d89fd2fd.jpg 1452w\" sizes=\"auto, (max-width: 281px) 100vw, 281px\" \/><button\n\t\t\tclass=\"lightbox-trigger\"\n\t\t\ttype=\"button\"\n\t\t\taria-haspopup=\"dialog\"\n\t\t\taria-label=\"Enlarge\"\n\t\t\tdata-wp-init=\"callbacks.initTriggerButton\"\n\t\t\tdata-wp-on--click=\"actions.showLightbox\"\n\t\t\tdata-wp-style--right=\"state.imageButtonRight\"\n\t\t\tdata-wp-style--top=\"state.imageButtonTop\"\n\t\t>\n\t\t\t<svg xmlns=\"http:\/\/www.w3.org\/2000\/svg\" width=\"12\" height=\"12\" fill=\"none\" viewbox=\"0 0 12 12\">\n\t\t\t\t<path fill=\"#fff\" d=\"M2 0a2 2 0 0 0-2 2v2h1.5V2a.5.5 0 0 1 .5-.5h2V0H2Zm2 10.5H2a.5.5 0 0 1-.5-.5V8H0v2a2 2 0 0 0 2 2h2v-1.5ZM8 12v-1.5h2a.5.5 0 0 0 .5-.5V8H12v2a2 2 0 0 1-2 2H8Zm2-12a2 2 0 0 1 2 2v2h-1.5V2a.5.5 0 0 0-.5-.5H8V0h2Z\" \/>\n\t\t\t<\/svg>\n\t\t<\/button><\/figure>\n\n\n\n<figure data-wp-context=\"{&quot;imageId&quot;:&quot;69dbeef3470a7&quot;}\" data-wp-interactive=\"core\/image\" data-wp-key=\"69dbeef3470a7\" class=\"wp-block-image size-medium has-custom-border is-style-rounded is-style-rounded--3 wp-lightbox-container\"><img loading=\"lazy\" decoding=\"async\" width=\"221\" height=\"300\" data-wp-class--hide=\"state.isContentHidden\" data-wp-class--show=\"state.isContentVisible\" data-wp-init=\"callbacks.setButtonStyles\" data-wp-on--click=\"actions.showLightbox\" data-wp-on--load=\"callbacks.setButtonStyles\" data-wp-on-window--resize=\"callbacks.setButtonStyles\" data-id=\"446\" src=\"https:\/\/samarucgames.com\/wp-content\/uploads\/2024\/06\/Imagen-de-WhatsApp-2024-06-28-a-las-16.57.42_2da01305-221x300.jpg\" alt=\"\" class=\"has-border-color has-bg-b-border-color wp-image-446\" style=\"border-width:3px\" srcset=\"https:\/\/samarucgames.com\/wp-content\/uploads\/2024\/06\/Imagen-de-WhatsApp-2024-06-28-a-las-16.57.42_2da01305-221x300.jpg 221w, https:\/\/samarucgames.com\/wp-content\/uploads\/2024\/06\/Imagen-de-WhatsApp-2024-06-28-a-las-16.57.42_2da01305-755x1024.jpg 755w, https:\/\/samarucgames.com\/wp-content\/uploads\/2024\/06\/Imagen-de-WhatsApp-2024-06-28-a-las-16.57.42_2da01305-768x1041.jpg 768w, https:\/\/samarucgames.com\/wp-content\/uploads\/2024\/06\/Imagen-de-WhatsApp-2024-06-28-a-las-16.57.42_2da01305-1133x1536.jpg 1133w, https:\/\/samarucgames.com\/wp-content\/uploads\/2024\/06\/Imagen-de-WhatsApp-2024-06-28-a-las-16.57.42_2da01305-600x813.jpg 600w, https:\/\/samarucgames.com\/wp-content\/uploads\/2024\/06\/Imagen-de-WhatsApp-2024-06-28-a-las-16.57.42_2da01305.jpg 1260w\" sizes=\"auto, (max-width: 221px) 100vw, 221px\" \/><button\n\t\t\tclass=\"lightbox-trigger\"\n\t\t\ttype=\"button\"\n\t\t\taria-haspopup=\"dialog\"\n\t\t\taria-label=\"Enlarge\"\n\t\t\tdata-wp-init=\"callbacks.initTriggerButton\"\n\t\t\tdata-wp-on--click=\"actions.showLightbox\"\n\t\t\tdata-wp-style--right=\"state.imageButtonRight\"\n\t\t\tdata-wp-style--top=\"state.imageButtonTop\"\n\t\t>\n\t\t\t<svg xmlns=\"http:\/\/www.w3.org\/2000\/svg\" width=\"12\" height=\"12\" fill=\"none\" viewbox=\"0 0 12 12\">\n\t\t\t\t<path fill=\"#fff\" d=\"M2 0a2 2 0 0 0-2 2v2h1.5V2a.5.5 0 0 1 .5-.5h2V0H2Zm2 10.5H2a.5.5 0 0 1-.5-.5V8H0v2a2 2 0 0 0 2 2h2v-1.5ZM8 12v-1.5h2a.5.5 0 0 0 .5-.5V8H12v2a2 2 0 0 1-2 2H8Zm2-12a2 2 0 0 1 2 2v2h-1.5V2a.5.5 0 0 0-.5-.5H8V0h2Z\" \/>\n\t\t\t<\/svg>\n\t\t<\/button><\/figure>\n\n\n\n<figure data-wp-context=\"{&quot;imageId&quot;:&quot;69dbeef347a65&quot;}\" data-wp-interactive=\"core\/image\" data-wp-key=\"69dbeef347a65\" class=\"wp-block-image size-medium has-custom-border is-style-rounded is-style-rounded--4 wp-lightbox-container\"><img loading=\"lazy\" decoding=\"async\" width=\"300\" height=\"293\" data-wp-class--hide=\"state.isContentHidden\" data-wp-class--show=\"state.isContentVisible\" data-wp-init=\"callbacks.setButtonStyles\" data-wp-on--click=\"actions.showLightbox\" data-wp-on--load=\"callbacks.setButtonStyles\" data-wp-on-window--resize=\"callbacks.setButtonStyles\" data-id=\"444\" src=\"https:\/\/samarucgames.com\/wp-content\/uploads\/2024\/06\/Imagen-de-WhatsApp-2024-06-28-a-las-16.57.40_86fde3b7-300x293.jpg\" alt=\"\" class=\"has-border-color has-bg-b-border-color wp-image-444\" style=\"border-width:3px\" srcset=\"https:\/\/samarucgames.com\/wp-content\/uploads\/2024\/06\/Imagen-de-WhatsApp-2024-06-28-a-las-16.57.40_86fde3b7-300x293.jpg 300w, https:\/\/samarucgames.com\/wp-content\/uploads\/2024\/06\/Imagen-de-WhatsApp-2024-06-28-a-las-16.57.40_86fde3b7-1024x1001.jpg 1024w, https:\/\/samarucgames.com\/wp-content\/uploads\/2024\/06\/Imagen-de-WhatsApp-2024-06-28-a-las-16.57.40_86fde3b7-768x751.jpg 768w, https:\/\/samarucgames.com\/wp-content\/uploads\/2024\/06\/Imagen-de-WhatsApp-2024-06-28-a-las-16.57.40_86fde3b7-600x587.jpg 600w, https:\/\/samarucgames.com\/wp-content\/uploads\/2024\/06\/Imagen-de-WhatsApp-2024-06-28-a-las-16.57.40_86fde3b7.jpg 1167w\" sizes=\"auto, (max-width: 300px) 100vw, 300px\" \/><button\n\t\t\tclass=\"lightbox-trigger\"\n\t\t\ttype=\"button\"\n\t\t\taria-haspopup=\"dialog\"\n\t\t\taria-label=\"Enlarge\"\n\t\t\tdata-wp-init=\"callbacks.initTriggerButton\"\n\t\t\tdata-wp-on--click=\"actions.showLightbox\"\n\t\t\tdata-wp-style--right=\"state.imageButtonRight\"\n\t\t\tdata-wp-style--top=\"state.imageButtonTop\"\n\t\t>\n\t\t\t<svg xmlns=\"http:\/\/www.w3.org\/2000\/svg\" width=\"12\" height=\"12\" fill=\"none\" viewbox=\"0 0 12 12\">\n\t\t\t\t<path fill=\"#fff\" d=\"M2 0a2 2 0 0 0-2 2v2h1.5V2a.5.5 0 0 1 .5-.5h2V0H2Zm2 10.5H2a.5.5 0 0 1-.5-.5V8H0v2a2 2 0 0 0 2 2h2v-1.5ZM8 12v-1.5h2a.5.5 0 0 0 .5-.5V8H12v2a2 2 0 0 1-2 2H8Zm2-12a2 2 0 0 1 2 2v2h-1.5V2a.5.5 0 0 0-.5-.5H8V0h2Z\" \/>\n\t\t\t<\/svg>\n\t\t<\/button><\/figure>\n\n\n\n<figure data-wp-context=\"{&quot;imageId&quot;:&quot;69dbeef34843d&quot;}\" data-wp-interactive=\"core\/image\" data-wp-key=\"69dbeef34843d\" class=\"wp-block-image size-medium has-custom-border is-style-rounded is-style-rounded--5 wp-lightbox-container\"><img loading=\"lazy\" decoding=\"async\" width=\"300\" height=\"142\" data-wp-class--hide=\"state.isContentHidden\" data-wp-class--show=\"state.isContentVisible\" data-wp-init=\"callbacks.setButtonStyles\" data-wp-on--click=\"actions.showLightbox\" data-wp-on--load=\"callbacks.setButtonStyles\" data-wp-on-window--resize=\"callbacks.setButtonStyles\" data-id=\"447\" src=\"https:\/\/samarucgames.com\/wp-content\/uploads\/2024\/06\/Imagen-de-WhatsApp-2024-06-28-a-las-16.57.42_6fea67f4-300x142.jpg\" alt=\"\" class=\"has-border-color has-bg-b-border-color wp-image-447\" style=\"border-width:3px\" srcset=\"https:\/\/samarucgames.com\/wp-content\/uploads\/2024\/06\/Imagen-de-WhatsApp-2024-06-28-a-las-16.57.42_6fea67f4-300x142.jpg 300w, https:\/\/samarucgames.com\/wp-content\/uploads\/2024\/06\/Imagen-de-WhatsApp-2024-06-28-a-las-16.57.42_6fea67f4-1024x484.jpg 1024w, https:\/\/samarucgames.com\/wp-content\/uploads\/2024\/06\/Imagen-de-WhatsApp-2024-06-28-a-las-16.57.42_6fea67f4-768x363.jpg 768w, https:\/\/samarucgames.com\/wp-content\/uploads\/2024\/06\/Imagen-de-WhatsApp-2024-06-28-a-las-16.57.42_6fea67f4-1536x726.jpg 1536w, https:\/\/samarucgames.com\/wp-content\/uploads\/2024\/06\/Imagen-de-WhatsApp-2024-06-28-a-las-16.57.42_6fea67f4-600x284.jpg 600w, https:\/\/samarucgames.com\/wp-content\/uploads\/2024\/06\/Imagen-de-WhatsApp-2024-06-28-a-las-16.57.42_6fea67f4.jpg 1836w\" sizes=\"auto, (max-width: 300px) 100vw, 300px\" \/><button\n\t\t\tclass=\"lightbox-trigger\"\n\t\t\ttype=\"button\"\n\t\t\taria-haspopup=\"dialog\"\n\t\t\taria-label=\"Enlarge\"\n\t\t\tdata-wp-init=\"callbacks.initTriggerButton\"\n\t\t\tdata-wp-on--click=\"actions.showLightbox\"\n\t\t\tdata-wp-style--right=\"state.imageButtonRight\"\n\t\t\tdata-wp-style--top=\"state.imageButtonTop\"\n\t\t>\n\t\t\t<svg xmlns=\"http:\/\/www.w3.org\/2000\/svg\" width=\"12\" height=\"12\" fill=\"none\" viewbox=\"0 0 12 12\">\n\t\t\t\t<path fill=\"#fff\" d=\"M2 0a2 2 0 0 0-2 2v2h1.5V2a.5.5 0 0 1 .5-.5h2V0H2Zm2 10.5H2a.5.5 0 0 1-.5-.5V8H0v2a2 2 0 0 0 2 2h2v-1.5ZM8 12v-1.5h2a.5.5 0 0 0 .5-.5V8H12v2a2 2 0 0 1-2 2H8Zm2-12a2 2 0 0 1 2 2v2h-1.5V2a.5.5 0 0 0-.5-.5H8V0h2Z\" \/>\n\t\t\t<\/svg>\n\t\t<\/button><\/figure>\n\n\n\n<figure data-wp-context=\"{&quot;imageId&quot;:&quot;69dbeef348e10&quot;}\" data-wp-interactive=\"core\/image\" data-wp-key=\"69dbeef348e10\" class=\"wp-block-image size-medium has-custom-border is-style-rounded is-style-rounded--6 wp-lightbox-container\"><img loading=\"lazy\" decoding=\"async\" width=\"300\" height=\"225\" data-wp-class--hide=\"state.isContentHidden\" data-wp-class--show=\"state.isContentVisible\" data-wp-init=\"callbacks.setButtonStyles\" data-wp-on--click=\"actions.showLightbox\" data-wp-on--load=\"callbacks.setButtonStyles\" data-wp-on-window--resize=\"callbacks.setButtonStyles\" data-id=\"448\" src=\"https:\/\/samarucgames.com\/wp-content\/uploads\/2024\/06\/Imagen-de-WhatsApp-2024-06-28-a-las-16.57.40_c0c34020-300x225.jpg\" alt=\"\" class=\"has-border-color has-bg-b-border-color wp-image-448\" style=\"border-width:3px\" srcset=\"https:\/\/samarucgames.com\/wp-content\/uploads\/2024\/06\/Imagen-de-WhatsApp-2024-06-28-a-las-16.57.40_c0c34020-300x225.jpg 300w, https:\/\/samarucgames.com\/wp-content\/uploads\/2024\/06\/Imagen-de-WhatsApp-2024-06-28-a-las-16.57.40_c0c34020-1024x768.jpg 1024w, https:\/\/samarucgames.com\/wp-content\/uploads\/2024\/06\/Imagen-de-WhatsApp-2024-06-28-a-las-16.57.40_c0c34020-768x576.jpg 768w, https:\/\/samarucgames.com\/wp-content\/uploads\/2024\/06\/Imagen-de-WhatsApp-2024-06-28-a-las-16.57.40_c0c34020-1536x1152.jpg 1536w, https:\/\/samarucgames.com\/wp-content\/uploads\/2024\/06\/Imagen-de-WhatsApp-2024-06-28-a-las-16.57.40_c0c34020-600x450.jpg 600w, https:\/\/samarucgames.com\/wp-content\/uploads\/2024\/06\/Imagen-de-WhatsApp-2024-06-28-a-las-16.57.40_c0c34020.jpg 2048w\" sizes=\"auto, (max-width: 300px) 100vw, 300px\" \/><button\n\t\t\tclass=\"lightbox-trigger\"\n\t\t\ttype=\"button\"\n\t\t\taria-haspopup=\"dialog\"\n\t\t\taria-label=\"Enlarge\"\n\t\t\tdata-wp-init=\"callbacks.initTriggerButton\"\n\t\t\tdata-wp-on--click=\"actions.showLightbox\"\n\t\t\tdata-wp-style--right=\"state.imageButtonRight\"\n\t\t\tdata-wp-style--top=\"state.imageButtonTop\"\n\t\t>\n\t\t\t<svg xmlns=\"http:\/\/www.w3.org\/2000\/svg\" width=\"12\" height=\"12\" fill=\"none\" viewbox=\"0 0 12 12\">\n\t\t\t\t<path fill=\"#fff\" d=\"M2 0a2 2 0 0 0-2 2v2h1.5V2a.5.5 0 0 1 .5-.5h2V0H2Zm2 10.5H2a.5.5 0 0 1-.5-.5V8H0v2a2 2 0 0 0 2 2h2v-1.5ZM8 12v-1.5h2a.5.5 0 0 0 .5-.5V8H12v2a2 2 0 0 1-2 2H8Zm2-12a2 2 0 0 1 2 2v2h-1.5V2a.5.5 0 0 0-.5-.5H8V0h2Z\" \/>\n\t\t\t<\/svg>\n\t\t<\/button><\/figure>\n<\/figure>\n\n\n\n<div class=\"wp-block-group alignfull has-base-color has-text-color has-background has-link-color wp-elements-e70864832eb995c5e2ddc8abe54f5303 has-global-padding is-layout-constrained wp-container-core-group-is-layout-d89aad35 wp-block-group-is-layout-constrained\" style=\"background-color:#cb3d48;margin-top:0;margin-bottom:0;padding-top:var(--wp--preset--spacing--50);padding-right:var(--wp--preset--spacing--50);padding-bottom:var(--wp--preset--spacing--50);padding-left:var(--wp--preset--spacing--50)\">\n<h2 class=\"wp-block-heading alignwide has-base-color has-text-color has-link-color wp-elements-8b2967e88da637e185e6e0c842dba0cb\" style=\"font-size:clamp(1.79rem, 1.79rem + ((1vw - 0.2rem) * 2.183), 3.1rem);letter-spacing:-0.02em\">Files<\/h2>\n\n\n\n<div class=\"wp-block-group alignwide is-layout-flow wp-block-group-is-layout-flow\">\n<hr class=\"wp-block-separator has-text-color has-base-color has-alpha-channel-opacity has-base-background-color has-background is-style-wide\"\/>\n\n\n\n<details class=\"wp-block-details is-style-arrow-icon-details has-medium-font-size is-layout-flow wp-block-details-is-layout-flow\" style=\"border-top-style:none;border-top-width:0px;border-right-style:none;border-right-width:0px;border-bottom-color:var(--wp--preset--color--base);border-bottom-style:solid;border-bottom-width:1px;border-left-style:none;border-left-width:0px;margin-top:0\"><summary>Rulebook<\/summary>\n<p class=\"has-contrast-1-color has-text-color has-link-color wp-elements-8a6244d0256af1d148be9c6f8727b5fe\"><\/p>\n\n\n\n<div data-wp-interactive=\"core\/file\" class=\"wp-block-file\"><object data-wp-bind--hidden=\"!state.hasPdfPreview\" hidden class=\"wp-block-file__embed\" data=\"https:\/\/samarucgames.com\/wp-content\/uploads\/2024\/07\/KRAFTWAGEN-RULES-ESP-OK-2.pdf\" type=\"application\/pdf\" style=\"width:100%;height:600px\" aria-label=\"Embed of KRAFTWAGEN-RULES-ESP-OK-2.\"><\/object><a id=\"wp-block-file--media-82a85fb7-62da-4eba-8ea0-2ed39f857793\" href=\"https:\/\/samarucgames.com\/wp-content\/uploads\/2024\/07\/KRAFTWAGEN-RULES-ESP-OK-2.pdf\">KRAFTWAGEN-RULES-ESP-OK-2<\/a><a href=\"https:\/\/samarucgames.com\/wp-content\/uploads\/2024\/07\/KRAFTWAGEN-RULES-ESP-OK-2.pdf\" class=\"wp-block-file__button wp-element-button\" download aria-describedby=\"wp-block-file--media-82a85fb7-62da-4eba-8ea0-2ed39f857793\">Descarga<\/a><\/div>\n<\/details>\n\n\n\n<div style=\"margin-top:var(--wp--preset--spacing--10);margin-bottom:0;height:var(--wp--preset--spacing--10)\" aria-hidden=\"true\" class=\"wp-block-spacer\"><\/div>\n<\/div>\n<\/div>\n\n\n\n<div class=\"wp-block-kadence-column kadence-column138_aaf8fd-cd\"><div class=\"kt-inside-inner-col\"><\/div><\/div>","protected":false},"excerpt":{"rendered":"<p>Participa en el nacimiento y desarrollo de la industria automovil\u00edstica de Estados Unidos al inicio del siglo XX en este emocionante juego de construcci\u00f3n y venta de coches De la mano de Matthias Cramer nos llega una nueva versi\u00f3n de Kraftwagen, el juego de selecci\u00f3n de acciones, construcci\u00f3n de coches y venta en el incipiente [&hellip;]<\/p>","protected":false},"author":1,"featured_media":0,"parent":132,"menu_order":0,"comment_status":"closed","ping_status":"closed","template":"","meta":{"footnotes":""},"class_list":["post-138","page","type-page","status-publish","hentry"],"_links":{"self":[{"href":"https:\/\/samarucgames.com\/en\/wp-json\/wp\/v2\/pages\/138","targetHints":{"allow":["GET"]}}],"collection":[{"href":"https:\/\/samarucgames.com\/en\/wp-json\/wp\/v2\/pages"}],"about":[{"href":"https:\/\/samarucgames.com\/en\/wp-json\/wp\/v2\/types\/page"}],"author":[{"embeddable":true,"href":"https:\/\/samarucgames.com\/en\/wp-json\/wp\/v2\/users\/1"}],"replies":[{"embeddable":true,"href":"https:\/\/samarucgames.com\/en\/wp-json\/wp\/v2\/comments?post=138"}],"version-history":[{"count":23,"href":"https:\/\/samarucgames.com\/en\/wp-json\/wp\/v2\/pages\/138\/revisions"}],"predecessor-version":[{"id":1403,"href":"https:\/\/samarucgames.com\/en\/wp-json\/wp\/v2\/pages\/138\/revisions\/1403"}],"up":[{"embeddable":true,"href":"https:\/\/samarucgames.com\/en\/wp-json\/wp\/v2\/pages\/132"}],"wp:attachment":[{"href":"https:\/\/samarucgames.com\/en\/wp-json\/wp\/v2\/media?parent=138"}],"curies":[{"name":"wp","href":"https:\/\/api.w.org\/{rel}","templated":true}]}}