{"id":2,"date":"2024-04-07T17:01:50","date_gmt":"2024-04-07T17:01:50","guid":{"rendered":"http:\/\/samarucgames.com\/?page_id=2"},"modified":"2024-07-10T18:12:28","modified_gmt":"2024-07-10T17:12:28","slug":"quienes-somos","status":"publish","type":"page","link":"https:\/\/samarucgames.com\/en\/quienes-somos","title":{"rendered":"Who's Samaruc Games"},"content":{"rendered":"<figure class=\"wp-block-image size-large\"><img loading=\"lazy\" decoding=\"async\" width=\"1024\" height=\"538\" src=\"https:\/\/samarucgames.com\/wp-content\/uploads\/2024\/04\/albufera-valencia-1024x538.jpg\" alt=\"\" class=\"wp-image-63\" srcset=\"https:\/\/samarucgames.com\/wp-content\/uploads\/2024\/04\/albufera-valencia-1024x538.jpg 1024w, https:\/\/samarucgames.com\/wp-content\/uploads\/2024\/04\/albufera-valencia-600x315.jpg 600w, https:\/\/samarucgames.com\/wp-content\/uploads\/2024\/04\/albufera-valencia-300x158.jpg 300w, https:\/\/samarucgames.com\/wp-content\/uploads\/2024\/04\/albufera-valencia-768x403.jpg 768w, https:\/\/samarucgames.com\/wp-content\/uploads\/2024\/04\/albufera-valencia.jpg 1200w\" sizes=\"auto, (max-width: 1024px) 100vw, 1024px\" \/><\/figure>\n\n\n\n<p>The Samaruc is an endangered fish that typically does not exceed 8 cm in length. It has a slender body but is slightly compressed in the head region with a supraterminal mouth. Its fins are rounded, and its coloration is an iridescent brown on the dorsal surface, becoming lighter towards the ventral area. It usually forms cohesive groups in its habitat.<\/p>\n\n\n\n<p>Currently, the Samaruc can be found in the waters of Comunitat Valenciana and Catalunya.<\/p>\n\n\n\n<figure class=\"wp-block-image size-full\"><img loading=\"lazy\" decoding=\"async\" width=\"496\" height=\"200\" src=\"https:\/\/samarucgames.com\/wp-content\/uploads\/2024\/04\/logo-no-text.png\" alt=\"\" class=\"wp-image-18\" srcset=\"https:\/\/samarucgames.com\/wp-content\/uploads\/2024\/04\/logo-no-text.png 496w, https:\/\/samarucgames.com\/wp-content\/uploads\/2024\/04\/logo-no-text-300x121.png 300w\" sizes=\"auto, (max-width: 496px) 100vw, 496px\" \/><\/figure>\n\n\n\n<p>Samaruc Games is a board game publisher that originated in Valencia, Spain, with the purpose of bringing diverse and attractive games to your tables for all types of audiences.<\/p>\n\n\n\n<p>Our main purpose is to create and publish high-quality board games to offer great experiences to everyone. We believe that creating shared experiences makes us better and happier.<\/p>\n\n\n\n<p>Because playing also makes us happy.<\/p>","protected":false},"excerpt":{"rendered":"<p>El samaruc es un pez en peligro de extinci\u00f3n que no suele sobrepasar los 8 cm. Cuerpo esbelto pero ligeramente comprimido en la regi\u00f3n cef\u00e1lica con la boca supraterminal. Tiene las aletas redondeadas y su coloraci\u00f3n es de una tonalidad parda irisada en la superficie dorsal y m\u00e1s clara hacia la zona ventral. Suele formar [&hellip;]<\/p>","protected":false},"author":1,"featured_media":0,"parent":0,"menu_order":0,"comment_status":"closed","ping_status":"closed","template":"","meta":{"footnotes":""},"class_list":["post-2","page","type-page","status-publish","hentry"],"_links":{"self":[{"href":"https:\/\/samarucgames.com\/en\/wp-json\/wp\/v2\/pages\/2","targetHints":{"allow":["GET"]}}],"collection":[{"href":"https:\/\/samarucgames.com\/en\/wp-json\/wp\/v2\/pages"}],"about":[{"href":"https:\/\/samarucgames.com\/en\/wp-json\/wp\/v2\/types\/page"}],"author":[{"embeddable":true,"href":"https:\/\/samarucgames.com\/en\/wp-json\/wp\/v2\/users\/1"}],"replies":[{"embeddable":true,"href":"https:\/\/samarucgames.com\/en\/wp-json\/wp\/v2\/comments?post=2"}],"version-history":[{"count":6,"href":"https:\/\/samarucgames.com\/en\/wp-json\/wp\/v2\/pages\/2\/revisions"}],"predecessor-version":[{"id":536,"href":"https:\/\/samarucgames.com\/en\/wp-json\/wp\/v2\/pages\/2\/revisions\/536"}],"wp:attachment":[{"href":"https:\/\/samarucgames.com\/en\/wp-json\/wp\/v2\/media?parent=2"}],"curies":[{"name":"wp","href":"https:\/\/api.w.org\/{rel}","templated":true}]}}