{"id":259,"date":"2024-05-03T16:23:46","date_gmt":"2024-05-03T15:23:46","guid":{"rendered":"https:\/\/samarucgames.com\/?page_id=259"},"modified":"2025-05-02T11:03:21","modified_gmt":"2025-05-02T10:03:21","slug":"259-2","status":"publish","type":"page","link":"https:\/\/samarucgames.com\/en\/catalogo\/259-2","title":{"rendered":"Dragon&#8217;s Gold"},"content":{"rendered":"<div class=\"wp-block-group alignfull is-vertical is-content-justification-center is-layout-flex wp-container-core-group-is-layout-4c8d3e0c wp-block-group-is-layout-flex\" style=\"margin-top:0;margin-bottom:0;padding-top:0;padding-right:var(--wp--preset--spacing--20);padding-bottom:0;padding-left:var(--wp--preset--spacing--20)\">\n<div class=\"wp-block-group alignwide is-layout-flow wp-block-group-is-layout-flow\">\n<div class=\"wp-block-columns is-layout-flex wp-container-core-columns-is-layout-28f84493 wp-block-columns-is-layout-flex\">\n<div class=\"wp-block-column is-layout-flow wp-block-column-is-layout-flow\" style=\"flex-basis:100%\">\n<p class=\"has-text-align-center has-heading-font-family has-large-font-size\" style=\"font-style:normal;font-weight:400;line-height:1.2\">Achieve fame by obtaining the best treasure after defeating the dragon. Negotiate wisely and get the best combinations of gems in this classic by Bruno Faidutti.<\/p>\n<\/div>\n<\/div>\n\n\n\n<div class=\"wp-block-columns is-layout-flex wp-container-core-columns-is-layout-28f84493 wp-block-columns-is-layout-flex\">\n<div class=\"wp-block-column is-layout-flow wp-block-column-is-layout-flow\" style=\"flex-basis:100%\">\n<div class=\"wp-block-group is-vertical is-content-justification-center is-layout-flex wp-container-core-group-is-layout-7a7dcd93 wp-block-group-is-layout-flex\" style=\"margin-top:0;margin-bottom:0;padding-top:0;padding-right:0;padding-bottom:0;padding-left:0\">\n<div class=\"wp-block-media-text has-media-on-the-right is-stacked-on-mobile\" style=\"margin-top:var(--wp--preset--spacing--20);margin-right:var(--wp--preset--spacing--40);margin-bottom:var(--wp--preset--spacing--20);margin-left:var(--wp--preset--spacing--40);grid-template-columns:auto 29%\"><div class=\"wp-block-media-text__content\">\n<div class=\"wp-block-group is-nowrap is-layout-flex wp-container-core-group-is-layout-cd9ab148 wp-block-group-is-layout-flex\">\n<p class=\"has-text-align-center has-medium-font-size\">Dragon's Gold is a fast and fun game where you have to negotiate for each treasure obtained, in less than a minute! With two game variants, new artwork, and an entirely new mini-expansion, Bruno Faidutti's classic is once again available for everyone to enjoy.<\/p>\n<\/div>\n<\/div><figure class=\"wp-block-media-text__media\"><img loading=\"lazy\" decoding=\"async\" width=\"483\" height=\"513\" src=\"https:\/\/samarucgames.com\/wp-content\/uploads\/2024\/06\/dragons.png\" alt=\"\" class=\"wp-image-401 size-full\" srcset=\"https:\/\/samarucgames.com\/wp-content\/uploads\/2024\/06\/dragons.png 483w, https:\/\/samarucgames.com\/wp-content\/uploads\/2024\/06\/dragons-282x300.png 282w\" sizes=\"auto, (max-width: 483px) 100vw, 483px\" \/><\/figure><\/div>\n\n\n\n<div class=\"wp-block-buttons is-content-justification-center is-layout-flex wp-container-core-buttons-is-layout-72caf8c6 wp-block-buttons-is-layout-flex\">\n<div class=\"wp-block-button is-style-fill\"><a class=\"wp-block-button__link has-contrast-b-background-color has-background has-large-font-size has-custom-font-size wp-element-button\" href=\"https:\/\/samarucgames.com\/en\/tienda\/\"><img loading=\"lazy\" decoding=\"async\" width=\"25\" height=\"25\" class=\"wp-image-471\" style=\"width: 25px;\" src=\"https:\/\/samarucgames.com\/wp-content\/uploads\/2024\/06\/chart-1.png\" alt=\"\"> Available<\/a><\/div>\n<\/div>\n<\/div>\n<\/div>\n<\/div>\n<\/div>\n<\/div>\n\n\n\n<div class=\"wp-block-group alignfull has-global-padding is-layout-constrained wp-container-core-group-is-layout-cd6163fc wp-block-group-is-layout-constrained\" style=\"margin-top:0;margin-bottom:0;padding-top:var(--wp--preset--spacing--10);padding-right:var(--wp--preset--spacing--50);padding-bottom:var(--wp--preset--spacing--10);padding-left:var(--wp--preset--spacing--50)\">\n<div class=\"wp-block-group is-vertical is-content-justification-center is-layout-flex wp-container-core-group-is-layout-ce155fab wp-block-group-is-layout-flex\">\n<h2 class=\"wp-block-heading has-text-align-center has-xx-large-font-size\">About the game<\/h2>\n<\/div>\n\n\n\n<div class=\"wp-block-columns alignwide is-layout-flex wp-container-core-columns-is-layout-4935966c wp-block-columns-is-layout-flex\" style=\"padding-right:0;padding-left:0\">\n<div class=\"wp-block-column is-layout-flow wp-block-column-is-layout-flow\">\n<figure class=\"wp-block-kadence-image kb-image259_d49526-34 size-large is-style-rounded\"><img loading=\"lazy\" decoding=\"async\" width=\"1024\" height=\"423\" src=\"https:\/\/samarucgames.com\/wp-content\/uploads\/2024\/07\/leyenda-jugadoresDRAGONS-1024x423.png\" alt=\"\" class=\"kb-img wp-image-519\" srcset=\"https:\/\/samarucgames.com\/wp-content\/uploads\/2024\/07\/leyenda-jugadoresDRAGONS-1024x423.png 1024w, https:\/\/samarucgames.com\/wp-content\/uploads\/2024\/07\/leyenda-jugadoresDRAGONS-300x124.png 300w, https:\/\/samarucgames.com\/wp-content\/uploads\/2024\/07\/leyenda-jugadoresDRAGONS-768x317.png 768w, https:\/\/samarucgames.com\/wp-content\/uploads\/2024\/07\/leyenda-jugadoresDRAGONS-1536x634.png 1536w, https:\/\/samarucgames.com\/wp-content\/uploads\/2024\/07\/leyenda-jugadoresDRAGONS-2048x845.png 2048w, https:\/\/samarucgames.com\/wp-content\/uploads\/2024\/07\/leyenda-jugadoresDRAGONS-18x7.png 18w, https:\/\/samarucgames.com\/wp-content\/uploads\/2024\/07\/leyenda-jugadoresDRAGONS-600x248.png 600w\" sizes=\"auto, (max-width: 1024px) 100vw, 1024px\" \/><\/figure>\n<\/div>\n\n\n\n<div class=\"wp-block-column is-layout-flow wp-block-column-is-layout-flow\">\n<div class=\"wp-block-group is-vertical is-content-justification-center is-nowrap is-layout-flex wp-container-core-group-is-layout-63bfd6c1 wp-block-group-is-layout-flex\">\n<p><strong>Author:<\/strong> Bruno Faidutti<\/p>\n\n\n\n<p><strong>Players:<\/strong> 3 -6<\/p>\n\n\n\n<p><strong>Playing time:<\/strong> 40 minutos<\/p>\n\n\n\n<p><strong>Age:<\/strong> a partir de 10 a\u00f1os<\/p>\n\n\n\n<p><strong>PVPr:<\/strong> 25 euros<\/p>\n\n\n\n<p><\/p>\n<\/div>\n<\/div>\n\n\n\n<div class=\"wp-block-column is-layout-flow wp-block-column-is-layout-flow\">\n<div class=\"wp-block-group is-vertical is-content-justification-center is-nowrap is-layout-flex wp-container-core-group-is-layout-21d4e958 wp-block-group-is-layout-flex\">\n<p><a href=\"https:\/\/boardgamegeek.com\/boardgame\/1042\/dragons-gold\/kraftwagen-age-of-engineering\" target=\"_blank\" rel=\"noreferrer noopener\">BGG link<\/a><\/p>\n\n\n\n<p><\/p>\n<\/div>\n<\/div>\n<\/div>\n<\/div>\n\n\n\n<figure class=\"wp-block-gallery has-nested-images columns-2 wp-block-gallery-3 is-layout-flex wp-block-gallery-is-layout-flex\">\n<figure class=\"wp-block-image size-medium is-style-rounded is-style-rounded--1\"><img loading=\"lazy\" decoding=\"async\" width=\"300\" height=\"297\" data-id=\"458\" src=\"https:\/\/samarucgames.com\/wp-content\/uploads\/2024\/06\/004_ALIGNMENTS-300x297.png\" alt=\"\" class=\"wp-image-458\" srcset=\"https:\/\/samarucgames.com\/wp-content\/uploads\/2024\/06\/004_ALIGNMENTS-300x297.png 300w, https:\/\/samarucgames.com\/wp-content\/uploads\/2024\/06\/004_ALIGNMENTS-1024x1015.png 1024w, https:\/\/samarucgames.com\/wp-content\/uploads\/2024\/06\/004_ALIGNMENTS-150x150.png 150w, https:\/\/samarucgames.com\/wp-content\/uploads\/2024\/06\/004_ALIGNMENTS-768x761.png 768w, https:\/\/samarucgames.com\/wp-content\/uploads\/2024\/06\/004_ALIGNMENTS-1536x1522.png 1536w, https:\/\/samarucgames.com\/wp-content\/uploads\/2024\/06\/004_ALIGNMENTS-600x595.png 600w, https:\/\/samarucgames.com\/wp-content\/uploads\/2024\/06\/004_ALIGNMENTS-100x100.png 100w, https:\/\/samarucgames.com\/wp-content\/uploads\/2024\/06\/004_ALIGNMENTS.png 1552w\" sizes=\"auto, (max-width: 300px) 100vw, 300px\" \/><\/figure>\n\n\n\n<figure class=\"wp-block-image size-medium is-style-rounded is-style-rounded--2\"><img loading=\"lazy\" decoding=\"async\" width=\"300\" height=\"218\" data-id=\"459\" src=\"https:\/\/samarucgames.com\/wp-content\/uploads\/2024\/06\/007_IMAGE_NO_TEXT-300x218.png\" alt=\"\" class=\"wp-image-459\" srcset=\"https:\/\/samarucgames.com\/wp-content\/uploads\/2024\/06\/007_IMAGE_NO_TEXT-300x218.png 300w, https:\/\/samarucgames.com\/wp-content\/uploads\/2024\/06\/007_IMAGE_NO_TEXT-1024x745.png 1024w, https:\/\/samarucgames.com\/wp-content\/uploads\/2024\/06\/007_IMAGE_NO_TEXT-768x559.png 768w, https:\/\/samarucgames.com\/wp-content\/uploads\/2024\/06\/007_IMAGE_NO_TEXT-1536x1117.png 1536w, https:\/\/samarucgames.com\/wp-content\/uploads\/2024\/06\/007_IMAGE_NO_TEXT-600x436.png 600w, https:\/\/samarucgames.com\/wp-content\/uploads\/2024\/06\/007_IMAGE_NO_TEXT.png 1552w\" sizes=\"auto, (max-width: 300px) 100vw, 300px\" \/><\/figure>\n<\/figure>\n\n\n\n<div class=\"wp-block-group alignfull has-base-color has-text-color has-background has-link-color wp-elements-68a7d846a7294ae5ef6ccae3a4e383ca has-global-padding is-layout-constrained wp-container-core-group-is-layout-d89aad35 wp-block-group-is-layout-constrained\" style=\"background-color:#cb3d48;margin-top:0;margin-bottom:0;padding-top:var(--wp--preset--spacing--50);padding-right:var(--wp--preset--spacing--50);padding-bottom:var(--wp--preset--spacing--50);padding-left:var(--wp--preset--spacing--50)\">\n<h2 class=\"wp-block-heading alignwide has-base-color has-text-color has-link-color wp-elements-8b2967e88da637e185e6e0c842dba0cb\" style=\"font-size:clamp(1.79rem, 1.79rem + ((1vw - 0.2rem) * 2.183), 3.1rem);letter-spacing:-0.02em\">Files<\/h2>\n\n\n\n<div class=\"wp-block-group alignwide is-layout-flow wp-block-group-is-layout-flow\">\n<hr class=\"wp-block-separator has-text-color has-base-color has-alpha-channel-opacity has-base-background-color has-background is-style-wide\"\/>\n\n\n\n<details class=\"wp-block-details is-style-arrow-icon-details has-medium-font-size is-layout-flow wp-block-details-is-layout-flow\" style=\"border-top-style:none;border-top-width:0px;border-right-style:none;border-right-width:0px;border-bottom-color:var(--wp--preset--color--base);border-bottom-style:solid;border-bottom-width:1px;border-left-style:none;border-left-width:0px;margin-top:0\"><summary>Rulebook<\/summary>\n<p class=\"has-contrast-1-color has-text-color has-link-color wp-elements-8a6244d0256af1d148be9c6f8727b5fe\"><\/p>\n\n\n\n<div data-wp-interactive=\"core\/file\" class=\"wp-block-file\"><object data-wp-bind--hidden=\"!state.hasPdfPreview\" hidden class=\"wp-block-file__embed\" data=\"https:\/\/samarucgames.com\/wp-content\/uploads\/2025\/05\/005_REGLAMENTO_ESP_V9_18X18.pdf\" type=\"application\/pdf\" style=\"width:100%;height:600px\" aria-label=\"Embed of 005_REGLAMENTO_ESP_V9_18X18.\"><\/object><a id=\"wp-block-file--media-48f1b0ae-1f4b-473f-8f28-cfb329b42c16\" href=\"https:\/\/samarucgames.com\/wp-content\/uploads\/2025\/05\/005_REGLAMENTO_ESP_V9_18X18.pdf\">005_REGLAMENTO_ESP_V9_18X18<\/a><a href=\"https:\/\/samarucgames.com\/wp-content\/uploads\/2025\/05\/005_REGLAMENTO_ESP_V9_18X18.pdf\" class=\"wp-block-file__button wp-element-button\" download aria-describedby=\"wp-block-file--media-48f1b0ae-1f4b-473f-8f28-cfb329b42c16\">Descarga<\/a><\/div>\n\n\n\n<div data-wp-interactive=\"core\/file\" class=\"wp-block-file\"><object data-wp-bind--hidden=\"!state.hasPdfPreview\" hidden class=\"wp-block-file__embed\" data=\"https:\/\/samarucgames.com\/wp-content\/uploads\/2024\/04\/placeholder.pdf\" type=\"application\/pdf\" style=\"width:100%;height:600px\" aria-label=\"Embed of placeholder.\"><\/object><a id=\"wp-block-file--media-14fbb3a4-264c-40dd-86c3-10721b03e9df\" href=\"https:\/\/samarucgames.com\/wp-content\/uploads\/2024\/04\/placeholder.pdf\">placeholder<\/a><a href=\"https:\/\/samarucgames.com\/wp-content\/uploads\/2024\/04\/placeholder.pdf\" class=\"wp-block-file__button wp-element-button\" download aria-describedby=\"wp-block-file--media-14fbb3a4-264c-40dd-86c3-10721b03e9df\">Descarga<\/a><\/div>\n<\/details>\n\n\n\n<div style=\"margin-top:var(--wp--preset--spacing--10);margin-bottom:0;height:var(--wp--preset--spacing--10)\" aria-hidden=\"true\" class=\"wp-block-spacer\"><\/div>\n<\/div>\n<\/div>","protected":false},"excerpt":{"rendered":"<p>Alcanza la fama consiguiendo el mejor tesoro tras derrotar al drag\u00f3n. Negocia sabiamente y consigue las mejores combinaciones de gemas en este cl\u00e1sico de Bruno Faidutti Dragon&#8217;s Gold es un juego r\u00e1pido y divertido en el que tendr\u00e1s que negociar por cada tesoro conseguido, \u00a1en menos de un minuto! Con dos variantes de juego, nuevo [&hellip;]<\/p>","protected":false},"author":1,"featured_media":0,"parent":132,"menu_order":0,"comment_status":"closed","ping_status":"closed","template":"","meta":{"footnotes":""},"class_list":["post-259","page","type-page","status-publish","hentry"],"_links":{"self":[{"href":"https:\/\/samarucgames.com\/en\/wp-json\/wp\/v2\/pages\/259","targetHints":{"allow":["GET"]}}],"collection":[{"href":"https:\/\/samarucgames.com\/en\/wp-json\/wp\/v2\/pages"}],"about":[{"href":"https:\/\/samarucgames.com\/en\/wp-json\/wp\/v2\/types\/page"}],"author":[{"embeddable":true,"href":"https:\/\/samarucgames.com\/en\/wp-json\/wp\/v2\/users\/1"}],"replies":[{"embeddable":true,"href":"https:\/\/samarucgames.com\/en\/wp-json\/wp\/v2\/comments?post=259"}],"version-history":[{"count":19,"href":"https:\/\/samarucgames.com\/en\/wp-json\/wp\/v2\/pages\/259\/revisions"}],"predecessor-version":[{"id":1798,"href":"https:\/\/samarucgames.com\/en\/wp-json\/wp\/v2\/pages\/259\/revisions\/1798"}],"up":[{"embeddable":true,"href":"https:\/\/samarucgames.com\/en\/wp-json\/wp\/v2\/pages\/132"}],"wp:attachment":[{"href":"https:\/\/samarucgames.com\/en\/wp-json\/wp\/v2\/media?parent=259"}],"curies":[{"name":"wp","href":"https:\/\/api.w.org\/{rel}","templated":true}]}}