{"id":1835,"date":"2025-07-07T18:47:22","date_gmt":"2025-07-07T17:47:22","guid":{"rendered":"https:\/\/samarucgames.com\/?post_type=product&#038;p=1835"},"modified":"2025-12-11T19:30:32","modified_gmt":"2025-12-11T18:30:32","slug":"criaturas-maravillosas-nueva-tripulacion-expansion-reserva","status":"publish","type":"product","link":"https:\/\/samarucgames.com\/en\/product\/criaturas-maravillosas-nueva-tripulacion-expansion-reserva","title":{"rendered":"Criaturas Maravillosas &#8211; Nueva Tripulaci\u00f3n. Expansi\u00f3n. &#8211; Reserva"},"content":{"rendered":"<p>Esta expansi\u00f3n para Criaturas Maravillosas nos trae nuevos tripulantes y cartas de tripulaci\u00f3n. Prep\u00e1rate para una experiencia a\u00fan m\u00e1s emocionante, ya que cada Carta de Tripulaci\u00f3n posee una habilidad \u00fanica. \u00a1Desata tu creatividad y estrategia combinando una Carta de Tripulaci\u00f3n con tu Capit\u00e1n!<\/p>\n<p>Contenido: 15 Tripulantes, 9 Cartas de Tripulaci\u00f3n, 1 Reglamento.<\/p>\n<p>Fecha estimada de env\u00edo: 1erT 2026<\/p>","protected":false},"excerpt":{"rendered":"<p>Esta expansi\u00f3n para Criaturas Maravillosas nos trae nuevos tripulantes y cartas de tripulaci\u00f3n. Prep\u00e1rate para una experiencia a\u00fan m\u00e1s emocionante, ya que cada Carta de Tripulaci\u00f3n posee una habilidad \u00fanica. \u00a1Desata tu creatividad y estrategia combinando una Carta de Tripulaci\u00f3n con tu Capit\u00e1n!<\/p>\n<p>Contenido: 12 Tripulantes, 13 Cartas de Tripulaci\u00f3n, 1 Reglamento.<\/p>","protected":false},"featured_media":1836,"template":"","meta":[],"product_brand":[],"product_cat":[18,45],"product_tag":[],"class_list":{"0":"post-1835","1":"product","2":"type-product","3":"status-publish","4":"has-post-thumbnail","6":"product_cat-sin-categorizar","7":"product_cat-preorder","8":"product_shipping_class-producto-ligero","10":"first","11":"outofstock","12":"sale","13":"taxable","14":"shipping-taxable","15":"purchasable","16":"product-type-simple"},"_links":{"self":[{"href":"https:\/\/samarucgames.com\/en\/wp-json\/wp\/v2\/product\/1835","targetHints":{"allow":["GET"]}}],"collection":[{"href":"https:\/\/samarucgames.com\/en\/wp-json\/wp\/v2\/product"}],"about":[{"href":"https:\/\/samarucgames.com\/en\/wp-json\/wp\/v2\/types\/product"}],"wp:featuredmedia":[{"embeddable":true,"href":"https:\/\/samarucgames.com\/en\/wp-json\/wp\/v2\/media\/1836"}],"wp:attachment":[{"href":"https:\/\/samarucgames.com\/en\/wp-json\/wp\/v2\/media?parent=1835"}],"wp:term":[{"taxonomy":"product_brand","embeddable":true,"href":"https:\/\/samarucgames.com\/en\/wp-json\/wp\/v2\/product_brand?post=1835"},{"taxonomy":"product_cat","embeddable":true,"href":"https:\/\/samarucgames.com\/en\/wp-json\/wp\/v2\/product_cat?post=1835"},{"taxonomy":"product_tag","embeddable":true,"href":"https:\/\/samarucgames.com\/en\/wp-json\/wp\/v2\/product_tag?post=1835"}],"curies":[{"name":"wp","href":"https:\/\/api.w.org\/{rel}","templated":true}]}}