{"id":1838,"date":"2025-07-07T21:50:56","date_gmt":"2025-07-07T20:50:56","guid":{"rendered":"https:\/\/samarucgames.com\/?post_type=product&#038;p=1838"},"modified":"2025-12-11T12:01:34","modified_gmt":"2025-12-11T11:01:34","slug":"criaturas-maravillosas-gargantuas","status":"publish","type":"product","link":"https:\/\/samarucgames.com\/en\/product\/criaturas-maravillosas-gargantuas","title":{"rendered":"Criaturas Maravillosas &#8211; Gargantuas &#8211; Reserva"},"content":{"rendered":"<p>\u00a1Prep\u00e1rate para una expansi\u00f3n con poderosos Gargant\u00faas! Aunque requieran cierta preparaci\u00f3n y una inversi\u00f3n importante, aprovecha su poder para remodelar dr\u00e1sticamente el resultado de la partida. \u00bfLo tienes todo preparado para afrontar el reto?<\/p>\n<p>Contenido: 7 cartas de Gargant\u00faas, 14 cartas de Criatura, 4 Tableros de Capit\u00e1n, 4 Capitanes, 4 marcadores de Gargant\u00faa, 1 reglamento.<\/p>\n<p>Fecha estimada de env\u00edo: Diciembre 2025<\/p>","protected":false},"excerpt":{"rendered":"<p>\u00a1Prep\u00e1rate para una expansi\u00f3n con poderosos Gargant\u00faas! Aunque requieran cierta preparaci\u00f3n y una inversi\u00f3n importante, aprovecha su poder para remodelar dr\u00e1sticamente el resultado de la partida. \u00bfLo tienes todo preparado para afrontar el reto?<\/p>","protected":false},"featured_media":1839,"template":"","meta":[],"product_brand":[],"product_cat":[45],"product_tag":[],"class_list":{"0":"post-1838","1":"product","2":"type-product","3":"status-publish","4":"has-post-thumbnail","6":"product_cat-preorder","7":"product_shipping_class-producto-ligero","9":"first","10":"outofstock","11":"sale","12":"taxable","13":"shipping-taxable","14":"purchasable","15":"product-type-simple"},"_links":{"self":[{"href":"https:\/\/samarucgames.com\/en\/wp-json\/wp\/v2\/product\/1838","targetHints":{"allow":["GET"]}}],"collection":[{"href":"https:\/\/samarucgames.com\/en\/wp-json\/wp\/v2\/product"}],"about":[{"href":"https:\/\/samarucgames.com\/en\/wp-json\/wp\/v2\/types\/product"}],"wp:featuredmedia":[{"embeddable":true,"href":"https:\/\/samarucgames.com\/en\/wp-json\/wp\/v2\/media\/1839"}],"wp:attachment":[{"href":"https:\/\/samarucgames.com\/en\/wp-json\/wp\/v2\/media?parent=1838"}],"wp:term":[{"taxonomy":"product_brand","embeddable":true,"href":"https:\/\/samarucgames.com\/en\/wp-json\/wp\/v2\/product_brand?post=1838"},{"taxonomy":"product_cat","embeddable":true,"href":"https:\/\/samarucgames.com\/en\/wp-json\/wp\/v2\/product_cat?post=1838"},{"taxonomy":"product_tag","embeddable":true,"href":"https:\/\/samarucgames.com\/en\/wp-json\/wp\/v2\/product_tag?post=1838"}],"curies":[{"name":"wp","href":"https:\/\/api.w.org\/{rel}","templated":true}]}}