{"id":2176,"date":"2026-02-13T07:40:59","date_gmt":"2026-02-13T06:40:59","guid":{"rendered":"https:\/\/samarucgames.com\/?post_type=product&#038;p=2176"},"modified":"2026-02-13T16:16:07","modified_gmt":"2026-02-13T15:16:07","slug":"resistencia-holandesa-la-casa-orange-vencera","status":"publish","type":"product","link":"https:\/\/samarucgames.com\/en\/product\/resistencia-holandesa-la-casa-orange-vencera","title":{"rendered":"Resistencia Holandesa: \u00a1La casa Orange vencer\u00e1!"},"content":{"rendered":"<p data-start=\"0\" data-end=\"131\">Los combatientes de la resistencia en los Pa\u00edses Bajos trabajan juntos para burlar a las fuerzas de ocupaci\u00f3n de forma no violenta.<\/p>\n<p data-start=\"133\" data-end=\"620\">En una \u00e9poca en la que la mayor\u00eda de la gente ten\u00eda demasiado miedo para oponerse a las fuerzas nazis ocupantes, algunos decidieron que no quer\u00edan quedarse de brazos cruzados. Para mantener alta la moral y demostrar que no aceptaban la ocupaci\u00f3n, escribieron un mensaje secreto, OZO (Oranje Zal Overwinnen, traducido como \u00ab(La casa) Orange vencer\u00e1\u00bb), en las paredes. Formaron grupos y encontraron maneras de sabotear los planes de los ocupantes. T\u00fa eres uno de esos combatientes de la resistencia.<\/p>\n<p data-start=\"622\" data-end=\"866\">La resistencia Holandesa: \u00a1La Casa Orange vencer\u00e1! es un juego cooperativo basado en escenarios sobre la Resistencia neerlandesa durante la Segunda Guerra Mundial. Las mec\u00e1nicas principales son recoger y entregar (pick-up and deliver) y la gesti\u00f3n de recursos.<\/p>\n<p data-start=\"868\" data-end=\"1148\">El juego cuenta con cinco escenarios muy diferentes y altamente rejugables. No est\u00e1n directamente conectados entre s\u00ed, sino que se centran en distintos aspectos del trabajo de la resistencia. Cada escenario tiene sus propios objetivos, reglas especiales, cartas y otros elementos.<\/p>\n<p data-start=\"1150\" data-end=\"1388\">Cada jugador controla a un personaje basado en un combatiente real de la resistencia. Estos diez personajes diferentes cuentan con su propio mazo de tres cartas de personaje \u00fanicas, inspiradas en lo que esa persona hizo durante la guerra.<\/p>\n<p data-start=\"1390\" data-end=\"1406\" data-is-last-node=\"\" data-is-only-node=\"\">\u00a1La casa Orange vencer\u00e1!<\/p>","protected":false},"excerpt":{"rendered":"<p>La resistencia Holandesa: \u00a1La Casa Orange vencer\u00e1! es un juego cooperativo basado en escenarios sobre la Resistencia neerlandesa durante la Segunda Guerra Mundial. Las mec\u00e1nicas principales son recoger y entregar (pick-up and deliver) y la gesti\u00f3n de recursos.<\/p>","protected":false},"featured_media":2181,"template":"","meta":[],"product_brand":[],"product_cat":[56],"product_tag":[],"class_list":{"0":"post-2176","1":"product","2":"type-product","3":"status-publish","4":"has-post-thumbnail","6":"product_cat-ludomanos","7":"product_shipping_class-producto-medio-eu-only","9":"first","10":"instock","11":"taxable","12":"shipping-taxable","13":"purchasable","14":"product-type-simple"},"_links":{"self":[{"href":"https:\/\/samarucgames.com\/en\/wp-json\/wp\/v2\/product\/2176","targetHints":{"allow":["GET"]}}],"collection":[{"href":"https:\/\/samarucgames.com\/en\/wp-json\/wp\/v2\/product"}],"about":[{"href":"https:\/\/samarucgames.com\/en\/wp-json\/wp\/v2\/types\/product"}],"wp:featuredmedia":[{"embeddable":true,"href":"https:\/\/samarucgames.com\/en\/wp-json\/wp\/v2\/media\/2181"}],"wp:attachment":[{"href":"https:\/\/samarucgames.com\/en\/wp-json\/wp\/v2\/media?parent=2176"}],"wp:term":[{"taxonomy":"product_brand","embeddable":true,"href":"https:\/\/samarucgames.com\/en\/wp-json\/wp\/v2\/product_brand?post=2176"},{"taxonomy":"product_cat","embeddable":true,"href":"https:\/\/samarucgames.com\/en\/wp-json\/wp\/v2\/product_cat?post=2176"},{"taxonomy":"product_tag","embeddable":true,"href":"https:\/\/samarucgames.com\/en\/wp-json\/wp\/v2\/product_tag?post=2176"}],"curies":[{"name":"wp","href":"https:\/\/api.w.org\/{rel}","templated":true}]}}